{"id":2587,"date":"2024-07-15T10:19:18","date_gmt":"2024-07-15T14:19:18","guid":{"rendered":"https:\/\/decadmdev.uprrp.edu\/recursoshumanos\/?page_id=2587"},"modified":"2024-07-15T10:20:19","modified_gmt":"2024-07-15T14:20:19","slug":"adiestramientos","status":"publish","type":"page","link":"https:\/\/decadmdev.uprrp.edu\/recursoshumanos\/adiestramientos\/","title":{"rendered":"Adiestramientos"},"content":{"rendered":"\t\t<div data-elementor-type=\"wp-page\" data-elementor-id=\"2587\" class=\"elementor elementor-2587\">\n\t\t\t\t\t\t<section class=\"elementor-section elementor-top-section elementor-element elementor-element-1e32adb elementor-section-boxed elementor-section-height-default elementor-section-height-default\" data-id=\"1e32adb\" data-element_type=\"section\" data-e-type=\"section\" data-settings=\"{&quot;background_background&quot;:&quot;classic&quot;}\">\n\t\t\t\t\t\t<div class=\"elementor-container elementor-column-gap-default\">\n\t\t\t\t\t<div class=\"elementor-column elementor-col-100 elementor-top-column elementor-element elementor-element-e0821d0\" data-id=\"e0821d0\" data-element_type=\"column\" data-e-type=\"column\">\n\t\t\t<div class=\"elementor-widget-wrap elementor-element-populated\">\n\t\t\t\t\t\t<div class=\"elementor-element elementor-element-e583803 elementor-widget__width-initial elementor-invisible elementor-widget elementor-widget-heading\" data-id=\"e583803\" data-element_type=\"widget\" data-e-type=\"widget\" data-settings=\"{&quot;_animation&quot;:&quot;zoomIn&quot;}\" data-widget_type=\"heading.default\">\n\t\t\t\t<div class=\"elementor-widget-container\">\n\t\t\t\t\t<h1 class=\"elementor-heading-title elementor-size-default\">ADIESTRAMIENTOS<\/h1>\t\t\t\t<\/div>\n\t\t\t\t<\/div>\n\t\t\t\t\t<\/div>\n\t\t<\/div>\n\t\t\t\t\t<\/div>\n\t\t<\/section>\n\t\t<div class=\"elementor-element elementor-element-ad0f4df e-con-full e-flex e-con e-parent\" data-id=\"ad0f4df\" data-element_type=\"container\" data-e-type=\"container\">\n\t\t\t\t<\/div>\n\t\t<div class=\"elementor-element elementor-element-a5bc7d1 e-flex e-con-boxed e-con e-parent\" data-id=\"a5bc7d1\" data-element_type=\"container\" data-e-type=\"container\">\n\t\t\t\t\t<div class=\"e-con-inner\">\n\t\t\t\t<div class=\"elementor-element elementor-element-6c6817e elementor-widget elementor-widget-heading\" data-id=\"6c6817e\" data-element_type=\"widget\" data-e-type=\"widget\" data-widget_type=\"heading.default\">\n\t\t\t\t<div class=\"elementor-widget-container\">\n\t\t\t\t\t<h2 class=\"elementor-heading-title elementor-size-default\">Adiestramientos<\/h2>\t\t\t\t<\/div>\n\t\t\t\t<\/div>\n\t\t\t\t\t<\/div>\n\t\t\t\t<\/div>\n\t\t<div class=\"elementor-element elementor-element-f99a855 e-flex e-con-boxed e-con e-parent\" data-id=\"f99a855\" data-element_type=\"container\" data-e-type=\"container\">\n\t\t\t\t\t<div class=\"e-con-inner\">\n\t\t\t\t<div class=\"elementor-element elementor-element-15cdc0a elementor-widget elementor-widget-text-editor\" data-id=\"15cdc0a\" data-element_type=\"widget\" data-e-type=\"widget\" data-widget_type=\"text-editor.default\">\n\t\t\t\t<div class=\"elementor-widget-container\">\n\t\t\t\t\t\t\t\t\t<h4 style=\"text-align: center;\">Esta secci\u00f3n est\u00e1 en construcci\u00f3n<\/h4>\t\t\t\t\t\t\t\t<\/div>\n\t\t\t\t<\/div>\n\t\t\t\t<div class=\"elementor-element elementor-element-e4ff060 elementor-widget elementor-widget-spacer\" data-id=\"e4ff060\" data-element_type=\"widget\" data-e-type=\"widget\" data-widget_type=\"spacer.default\">\n\t\t\t\t<div class=\"elementor-widget-container\">\n\t\t\t\t\t\t\t<div class=\"elementor-spacer\">\n\t\t\t<div class=\"elementor-spacer-inner\"><\/div>\n\t\t<\/div>\n\t\t\t\t\t\t<\/div>\n\t\t\t\t<\/div>\n\t\t\t\t\t<\/div>\n\t\t\t\t<\/div>\n\t\t\t\t<\/div>\n\t\t","protected":false},"excerpt":{"rendered":"<p>ADIESTRAMIENTOS Adiestramientos Esta secci\u00f3n est\u00e1 en construcci\u00f3n<\/p>\n","protected":false},"author":2,"featured_media":0,"parent":0,"menu_order":0,"comment_status":"closed","ping_status":"open","template":"page-templates\/pagebuilder.php","meta":{"_themeisle_gutenberg_block_has_review":false,"footnotes":""},"class_list":["post-2587","page","type-page","status-publish","hentry"],"rttpg_featured_image_url":null,"rttpg_author":{"display_name":"wilmarie","author_link":"https:\/\/decadmdev.uprrp.edu\/recursoshumanos\/author\/wilmarie\/"},"rttpg_comment":0,"rttpg_category":null,"rttpg_excerpt":"ADIESTRAMIENTOS Adiestramientos Esta secci\u00f3n est\u00e1 en construcci\u00f3n","_links":{"self":[{"href":"https:\/\/decadmdev.uprrp.edu\/recursoshumanos\/wp-json\/wp\/v2\/pages\/2587","targetHints":{"allow":["GET"]}}],"collection":[{"href":"https:\/\/decadmdev.uprrp.edu\/recursoshumanos\/wp-json\/wp\/v2\/pages"}],"about":[{"href":"https:\/\/decadmdev.uprrp.edu\/recursoshumanos\/wp-json\/wp\/v2\/types\/page"}],"author":[{"embeddable":true,"href":"https:\/\/decadmdev.uprrp.edu\/recursoshumanos\/wp-json\/wp\/v2\/users\/2"}],"replies":[{"embeddable":true,"href":"https:\/\/decadmdev.uprrp.edu\/recursoshumanos\/wp-json\/wp\/v2\/comments?post=2587"}],"version-history":[{"count":4,"href":"https:\/\/decadmdev.uprrp.edu\/recursoshumanos\/wp-json\/wp\/v2\/pages\/2587\/revisions"}],"predecessor-version":[{"id":2591,"href":"https:\/\/decadmdev.uprrp.edu\/recursoshumanos\/wp-json\/wp\/v2\/pages\/2587\/revisions\/2591"}],"wp:attachment":[{"href":"https:\/\/decadmdev.uprrp.edu\/recursoshumanos\/wp-json\/wp\/v2\/media?parent=2587"}],"curies":[{"name":"wp","href":"https:\/\/api.w.org\/{rel}","templated":true}]}}