{"id":2180,"date":"2024-02-21T15:51:53","date_gmt":"2024-02-21T19:51:53","guid":{"rendered":"https:\/\/decadmdev.uprrp.edu\/recursoshumanos\/?page_id=2180"},"modified":"2024-07-17T10:33:45","modified_gmt":"2024-07-17T14:33:45","slug":"directorio","status":"publish","type":"page","link":"https:\/\/decadmdev.uprrp.edu\/recursoshumanos\/directorio\/","title":{"rendered":"Directorio"},"content":{"rendered":"\t\t<div data-elementor-type=\"wp-page\" data-elementor-id=\"2180\" class=\"elementor elementor-2180\">\n\t\t\t\t\t\t<section class=\"elementor-section elementor-top-section elementor-element elementor-element-1e32adb elementor-section-boxed elementor-section-height-default elementor-section-height-default\" data-id=\"1e32adb\" data-element_type=\"section\" data-e-type=\"section\" data-settings=\"{&quot;background_background&quot;:&quot;classic&quot;}\">\n\t\t\t\t\t\t<div class=\"elementor-container elementor-column-gap-default\">\n\t\t\t\t\t<div class=\"elementor-column elementor-col-100 elementor-top-column elementor-element elementor-element-e0821d0\" data-id=\"e0821d0\" data-element_type=\"column\" data-e-type=\"column\">\n\t\t\t<div class=\"elementor-widget-wrap elementor-element-populated\">\n\t\t\t\t\t\t<div class=\"elementor-element elementor-element-e583803 elementor-widget__width-initial elementor-invisible elementor-widget elementor-widget-heading\" data-id=\"e583803\" data-element_type=\"widget\" data-e-type=\"widget\" data-settings=\"{&quot;_animation&quot;:&quot;zoomIn&quot;}\" data-widget_type=\"heading.default\">\n\t\t\t\t<div class=\"elementor-widget-container\">\n\t\t\t\t\t<h1 class=\"elementor-heading-title elementor-size-default\">DIRECTORIO<\/h1>\t\t\t\t<\/div>\n\t\t\t\t<\/div>\n\t\t\t\t\t<\/div>\n\t\t<\/div>\n\t\t\t\t\t<\/div>\n\t\t<\/section>\n\t\t<div class=\"elementor-element elementor-element-ad0f4df e-con-full e-flex e-con e-parent\" data-id=\"ad0f4df\" data-element_type=\"container\" data-e-type=\"container\">\n\t\t\t\t<\/div>\n\t\t<div class=\"elementor-element elementor-element-2aa8a75 e-flex e-con-boxed e-con e-parent\" data-id=\"2aa8a75\" data-element_type=\"container\" data-e-type=\"container\">\n\t\t\t\t\t<div class=\"e-con-inner\">\n\t\t\t\t<div class=\"elementor-element elementor-element-a7f408b section-title-style-style1 elementor-widget elementor-widget-tpg-section-title\" data-id=\"a7f408b\" data-element_type=\"widget\" data-e-type=\"widget\" data-widget_type=\"tpg-section-title.default\">\n\t\t\t\t<div class=\"elementor-widget-container\">\n\t\t\t\t\t\t\t<div class=\"rt-container-fluid rt-tpg-container tpg-el-main-wrapper clearfix  section-title-style-style1\">\n\t\t\t<div class='tpg-header-wrapper'>\n        <div class=\"tpg-widget-heading-wrapper rt-clear heading-style1 \">\n            <span class=\"tpg-widget-heading-line line-left\"><\/span>\n\t\t\t<h2 class='tpg-widget-heading'>\n\t\t\t\n\t\t\t\t                    <span>\n\t\t\t\t\t\tDirectorio de la Oficina de Recursos Humanos\t\t\t\t\t<\/span>\n\t\t\t\t\t\n\t\t\t\t\t\t\t<\/h2>            <span class=\"tpg-widget-heading-line line-right\"><\/span>\n\n\t\t\t\n        <\/div>\n\n\t\t\n\t\t<\/div>\t\t<\/div>\n\t\t\t\t\t\t<\/div>\n\t\t\t\t<\/div>\n\t\t\t\t\t<\/div>\n\t\t\t\t<\/div>\n\t\t<div class=\"elementor-element elementor-element-80e7127 e-con-full e-flex e-con e-parent\" data-id=\"80e7127\" data-element_type=\"container\" data-e-type=\"container\">\n\t\t<div class=\"elementor-element elementor-element-dccd7b9 e-con-full e-flex e-con e-child\" data-id=\"dccd7b9\" data-element_type=\"container\" data-e-type=\"container\">\n\t\t\t\t<div class=\"elementor-element elementor-element-f5febfe elementor-widget elementor-widget-shortcode\" data-id=\"f5febfe\" data-element_type=\"widget\" data-e-type=\"widget\" data-widget_type=\"shortcode.default\">\n\t\t\t\t<div class=\"elementor-widget-container\">\n\t\t\t\t\t\t\t<div class=\"elementor-shortcode\">\n<table id=\"tablepress-1\" class=\"tablepress tablepress-id-1\">\n<thead>\n<tr class=\"row-1\">\n\t<th class=\"column-1\"><strong>Unidad<\/strong><\/th><th class=\"column-2\"><strong>Nombre<\/strong><\/th><th class=\"column-3\"><strong>Puesto<\/strong><\/th><th class=\"column-4\"><strong>Correo electr\u00f3nico<\/strong><\/th><th class=\"column-5\"><strong>Extensi\u00f3n<\/strong><\/th>\n<\/tr>\n<\/thead>\n<tbody class=\"row-striping row-hover\">\n<tr class=\"row-2\">\n\t<td class=\"column-1\">Recepci\u00f3n ORH          <\/td><td class=\"column-2\">Adriana Negr\u00f3n Rosario<\/td><td class=\"column-3\">Oficial de Informaci\u00f3n <\/td><td class=\"column-4\"><a href=\"mailto:adrina.negron@upr.edu\">adrina.negron@upr.edu <\/a><\/td><td class=\"column-5\">84405 &amp; 84400<\/td>\n<\/tr>\n<tr class=\"row-3\">\n\t<td class=\"column-1\">Programa Ayuda Empleado (PAE)<\/td><td class=\"column-2\">Dra. Olga Bernardy Aponte<\/td><td class=\"column-3\">Coordinadora Programa <\/td><td class=\"column-4\"><a href=\"mailto:olga.bernardyaponte@upr.edu\">olga.bernardyaponte@upr.edu <\/a><\/td><td class=\"column-5\">84418<\/td>\n<\/tr>\n<tr class=\"row-4\">\n\t<td class=\"column-1\">Programa Ayuda Empleado (PAE)<\/td><td class=\"column-2\">Margarita D\u00edaz<\/td><td class=\"column-3\">Asistente de Administraci\u00f3n<\/td><td class=\"column-4\"><a href=\"mailto:margarita.diaz5@upr.edu\">margarita.diaz5@upr.edu <\/a><\/td><td class=\"column-5\">84406<\/td>\n<\/tr>\n<tr class=\"row-5\">\n\t<td class=\"column-1\">Programa Ayuda Empleado (PAE)<\/td><td class=\"column-2\">Cristina Vidal Larrieu<\/td><td class=\"column-3\">T\u00e9cnico Servicios Sociales II<\/td><td class=\"column-4\"><a href=\"mailto:cristina.vidal@upr.edu\">cristina.vidal@upr.edu <\/a><\/td><td class=\"column-5\">84417<\/td>\n<\/tr>\n<tr class=\"row-6\">\n\t<td class=\"column-1\">Programa Ayuda Empleado (PAE)<\/td><td class=\"column-2\">Anarelis Burgos Mart\u00ednez <\/td><td class=\"column-3\">T\u00e9cnico Servicios Sociales II<\/td><td class=\"column-4\"><a href=\"mailto:anarelis.burgos@upr.edu\">anarelis.burgos@upr.edu <\/a><\/td><td class=\"column-5\">84407<\/td>\n<\/tr>\n<tr class=\"row-7\">\n\t<td class=\"column-1\">Certificaciones\/Solicitudes Pr\u00e9stamos AEELA-Retiro UPR<\/td><td class=\"column-2\">Yasiris Adorno Rond\u00f3n<\/td><td class=\"column-3\">Oficial Administrativo II<\/td><td class=\"column-4\"><a href=\"mailto:yasiris.adorno1@upr.edu\">yasiris.adorno1@upr.edu <\/a><\/td><td class=\"column-5\">84423<\/td>\n<\/tr>\n<tr class=\"row-8\">\n\t<td class=\"column-1\">Licencias &amp; Secci\u00f3n Beneficios Marginales<\/td><td class=\"column-2\">Aurea Luyanda<\/td><td class=\"column-3\">Analista de Recursos Humanos V <\/td><td class=\"column-4\"><a href=\"mailto:aurea.luyanda1@upr.edu\">aurea.luyanda1@upr.edu  <\/a><\/td><td class=\"column-5\">84433<\/td>\n<\/tr>\n<tr class=\"row-9\">\n\t<td class=\"column-1\">Licencias &amp; Secci\u00f3n Beneficios Marginales<\/td><td class=\"column-2\">Aida E.  Santiago (\u00c9tica)<\/td><td class=\"column-3\">Analista Recursos Humanos III<\/td><td class=\"column-4\"><a href=\"mailto:aida.santiago3@upr.edu\">aida.santiago3@upr.edu <\/a><\/td><td class=\"column-5\">84436<\/td>\n<\/tr>\n<tr class=\"row-10\">\n\t<td class=\"column-1\">Licencias &amp; Secci\u00f3n Beneficios Marginales<\/td><td class=\"column-2\">Mariela Mu\u00f1iz Made<\/td><td class=\"column-3\">Analista de Recursos Humanos I<\/td><td class=\"column-4\"><a href=\"mailto:mariela.muniz@upr.edu\">mariela.muniz@upr.edu <\/a><\/td><td class=\"column-5\">84453<\/td>\n<\/tr>\n<tr class=\"row-11\">\n\t<td class=\"column-1\">Licencias &amp; Secci\u00f3n Beneficios Marginales<\/td><td class=\"column-2\">Karina M. Medina Orona<\/td><td class=\"column-3\">Analista de Recursos Humanos I<\/td><td class=\"column-4\"><a href=\"mailto:karina.medina1@upr.edu\">karina.medina1@upr.edu <\/a><\/td><td class=\"column-5\">84422<\/td>\n<\/tr>\n<tr class=\"row-12\">\n\t<td class=\"column-1\">Licencias Extraordinaria\/Renuncias-Jubilaci\u00f3n<\/td><td class=\"column-2\">Carmen Aponte Mu\u00f1iz<\/td><td class=\"column-3\">Analista de Recursos Humanos IV<\/td><td class=\"column-4\"><a href=\"mailto:carmen.aponte2@upr.edu\">carmen.aponte2@upr.edu <\/a><\/td><td class=\"column-5\">84443<\/td>\n<\/tr>\n<tr class=\"row-13\">\n\t<td class=\"column-1\">Divisi\u00f3n Reclutamiento y Selecci\u00f3n<\/td><td class=\"column-2\">Yesenia Gonz\u00e1lez Claudio<\/td><td class=\"column-3\">Especialista en Rec. Humanos. II<\/td><td class=\"column-4\"><a href=\"mailto:yesenia.gonzalez6@upr.edu\">yesenia.gonzalez6@upr.edu <\/a><\/td><td class=\"column-5\">84447<\/td>\n<\/tr>\n<tr class=\"row-14\">\n\t<td class=\"column-1\">Divisi\u00f3n Reclutamiento y Selecci\u00f3n<\/td><td class=\"column-2\">Jessica Lee L\u00f3pez Carattini<\/td><td class=\"column-3\">Analista Recursos Humanos II<\/td><td class=\"column-4\"><a href=\"mailto:jessica.lopez9@upr.edu\">jessica.lopez9@upr.edu <\/a><\/td><td class=\"column-5\">84428<\/td>\n<\/tr>\n<tr class=\"row-15\">\n\t<td class=\"column-1\">Divisi\u00f3n Reclutamiento y Selecci\u00f3n<\/td><td class=\"column-2\">Ingrid P\u00e9rez Fantauzzi<\/td><td class=\"column-3\">Analista Recursos Humanos III<\/td><td class=\"column-4\"><a href=\"mailto:ingrid.perez6@upr.edu\">ingrid.perez6@upr.edu <\/a><\/td><td class=\"column-5\">84452<\/td>\n<\/tr>\n<tr class=\"row-16\">\n\t<td class=\"column-1\">Divisi\u00f3n Reclutamiento y Selecci\u00f3n<\/td><td class=\"column-2\">Natalie Ruiz Birriel<\/td><td class=\"column-3\">Analista Recursos Humanos I<\/td><td class=\"column-4\"><a href=\"mailto:natalie.ruiz2@upr.edu\">natalie.ruiz2@upr.edu <\/a><\/td><td class=\"column-5\">84426<\/td>\n<\/tr>\n<tr class=\"row-17\">\n\t<td class=\"column-1\">Divisi\u00f3n Clasificaci\u00f3n &amp; Retribuci\u00f3n<\/td><td class=\"column-2\">Yarimar Sanabria Flores<\/td><td class=\"column-3\">Analista Recursos Humanos IV<\/td><td class=\"column-4\"><a href=\"mailto:yarimar.sanabria@upr.edu\">yarimar.sanabria@upr.edu <\/a><\/td><td class=\"column-5\">84455<\/td>\n<\/tr>\n<tr class=\"row-18\">\n\t<td class=\"column-1\">Divisi\u00f3n Clasificaci\u00f3n &amp; Retribuci\u00f3n<\/td><td class=\"column-2\">Jessica Lee L\u00f3pez Carattini<\/td><td class=\"column-3\">Analista Recursos Humanos II<\/td><td class=\"column-4\"><a href=\"mailto:jessica.lopez9@upr.edu\">jessica.lopez9@upr.edu <\/a><\/td><td class=\"column-5\">84428<\/td>\n<\/tr>\n<tr class=\"row-19\">\n\t<td class=\"column-1\">Divisi\u00f3n Clasificaci\u00f3n &amp; Retribuci\u00f3n<\/td><td class=\"column-2\">Ingrid P\u00e9rez Fantauzzi<\/td><td class=\"column-3\">Analista Recursos Humanos III<\/td><td class=\"column-4\"><a href=\"mailto:ingrid.perez6@upr.edu\">ingrid.perez6@upr.edu <\/a><\/td><td class=\"column-5\">84452<\/td>\n<\/tr>\n<tr class=\"row-20\">\n\t<td class=\"column-1\">Divisi\u00f3n Clasificaci\u00f3n &amp; Retribuci\u00f3n<\/td><td class=\"column-2\">Natalie Ruiz Birriel<\/td><td class=\"column-3\">Analista Recursos Humanos I<\/td><td class=\"column-4\"><a href=\"mailto:natalie.ruiz2@upr.edu\">natalie.ruiz2@upr.edu <\/a><\/td><td class=\"column-5\">84426<\/td>\n<\/tr>\n<tr class=\"row-21\">\n\t<td class=\"column-1\">Divisi\u00f3n Nombramientos y Cambios<\/td><td class=\"column-2\">Jamiesselle Maldonado <\/td><td class=\"column-3\">Especialista en Recursos Humanos II<\/td><td class=\"column-4\"><a href=\"mailto:jamiesselle.maldonado@upr.edu\">jamiesselle.maldonado@upr.edu <\/a><\/td><td class=\"column-5\">84457 &amp; 84412<\/td>\n<\/tr>\n<tr class=\"row-22\">\n\t<td class=\"column-1\">Divisi\u00f3n Nombramientos y Cambios<\/td><td class=\"column-2\">Adalicia Osorio Osorio<\/td><td class=\"column-3\">Analista Recursos Humanos V<\/td><td class=\"column-4\"><a href=\"mailto:adalicia.osorio@upr.edu\">adalicia.osorio@upr.edu <\/a><\/td><td class=\"column-5\">84440<\/td>\n<\/tr>\n<tr class=\"row-23\">\n\t<td class=\"column-1\">Divisi\u00f3n Nombramientos y Cambios<\/td><td class=\"column-2\">Harold Viera Matos<\/td><td class=\"column-3\">Analista Recursos Humanos I<\/td><td class=\"column-4\"><a href=\"mailto:harold.viera@upr.edu\">harold.viera@upr.edu <\/a><\/td><td class=\"column-5\">84458<\/td>\n<\/tr>\n<tr class=\"row-24\">\n\t<td class=\"column-1\">Divisi\u00f3n Nombramientos y Cambios<\/td><td class=\"column-2\">Katiria Santiago Lozada<\/td><td class=\"column-3\">Analista Recursos Humanos I<\/td><td class=\"column-4\"><a href=\"mailto:katiria.santiago2@upr.edu\">katiria.santiago2@upr.edu<\/a><\/td><td class=\"column-5\">84442<\/td>\n<\/tr>\n<tr class=\"row-25\">\n\t<td class=\"column-1\">Divisi\u00f3n Nombramientos y Cambios<\/td><td class=\"column-2\">Ludibell Torres Carrasquillo<\/td><td class=\"column-3\">Analista Recursos Humanos I<\/td><td class=\"column-4\"><a href=\"mailto:ludibel.torres@upr.edu\">ludibel.torres@upr.edu <\/a><\/td><td class=\"column-5\">84451<\/td>\n<\/tr>\n<tr class=\"row-26\">\n\t<td class=\"column-1\">Divisi\u00f3n Nombramientos y Cambios<\/td><td class=\"column-2\">Zenya Osorio Gavil\u00e1n<\/td><td class=\"column-3\">Analista Recursos Humanos I<\/td><td class=\"column-4\"><a href=\"mailto:zenya.osorio@upr.edu\">zenya.osorio@upr.edu <\/a><\/td><td class=\"column-5\">84439<\/td>\n<\/tr>\n<tr class=\"row-27\">\n\t<td class=\"column-1\">Divisi\u00f3n Nombramientos y Cambios<\/td><td class=\"column-2\">Luis O L\u00f3pez de Jes\u00fas <\/td><td class=\"column-3\">Analista Recursos Humanos IV<\/td><td class=\"column-4\"><a href=\"mailto:luis.lopez42@upr.edu\">luis.lopez42@upr.edu<\/a><\/td><td class=\"column-5\">84450<\/td>\n<\/tr>\n<tr class=\"row-28\">\n\t<td class=\"column-1\">Divisi\u00f3n Nombramientos y Cambios<\/td><td class=\"column-2\">Vacante<\/td><td class=\"column-3\">Registrador Sistema Datos L\u00ednea<\/td><td class=\"column-4\"><\/td><td class=\"column-5\">84456<\/td>\n<\/tr>\n<tr class=\"row-29\">\n\t<td class=\"column-1\">Divisi\u00f3n Adiestramiento y Desarrollo<\/td><td class=\"column-2\">Yesenia Gonz\u00e1lez Claudio<\/td><td class=\"column-3\">Especialista en Rec. Humanos. II<\/td><td class=\"column-4\"><a href=\"mailto:yesenia.gonzalez6@upr.edu\">yesenia.gonzalez6@upr.edu <\/a><\/td><td class=\"column-5\">84400<\/td>\n<\/tr>\n<tr class=\"row-30\">\n\t<td class=\"column-1\">Direcci\u00f3n Ejecutiva OHR<\/td><td class=\"column-2\">Dr. Eduardo Berr\u00edos Torres <\/td><td class=\"column-3\">Director<\/td><td class=\"column-4\"><a href=\"mailto:eduardo.berrios@upr.edu\">eduardo.berrios@upr.edu        <\/a><\/td><td class=\"column-5\">84499 &amp; 84459<\/td>\n<\/tr>\n<tr class=\"row-31\">\n\t<td class=\"column-1\">Direcci\u00f3n Ejecutiva OHR<\/td><td class=\"column-2\">Vacante<\/td><td class=\"column-3\">Sub-Direcci\u00f3n<\/td><td class=\"column-4\"><span style=\"color:#467886;\"><u><\/u><\/span><\/td><td class=\"column-5\"><\/td>\n<\/tr>\n<tr class=\"row-32\">\n\t<td class=\"column-1\">Direcci\u00f3n Ejecutiva OHR<\/td><td class=\"column-2\">Sheila Gonz\u00e1lez Espinosa<\/td><td class=\"column-3\">Secretaria Administrativa IV<\/td><td class=\"column-4\"><a href=\"mailto:sheila.gonzalez14@upr.edu\">sheila.gonzalez14@upr.edu <\/a><\/td><td class=\"column-5\">84414<\/td>\n<\/tr>\n<tr class=\"row-33\">\n\t<td class=\"column-1\">Direcci\u00f3n Ejecutiva OHR<\/td><td class=\"column-2\">Wanda Delgado Hern\u00e1ndez<\/td><td class=\"column-3\">Secretaria Administrativa IV<\/td><td class=\"column-4\"><a href=\"mailto:wanda.delgado2@upr.edu\">wanda.delgado2@upr.edu <\/a><\/td><td class=\"column-5\">84431<\/td>\n<\/tr>\n<tr class=\"row-34\">\n\t<td class=\"column-1\">Secci\u00f3n Archivo<\/td><td class=\"column-2\">Cesar O. Pantoja Gonz\u00e1lez<\/td><td class=\"column-3\">Asistente de Administraci\u00f3n IV<\/td><td class=\"column-4\"><a href=\"mailto:cesar.pantojas@upr.edu\">cesar.pantojas@upr.edu <\/a><\/td><td class=\"column-5\">84430<\/td>\n<\/tr>\n<tr class=\"row-35\">\n\t<td class=\"column-1\">Rehabilitaci\u00f3n Vocacional<\/td><td class=\"column-2\">Santiago Ma\u00f1on<\/td><td class=\"column-3\"><\/td><td class=\"column-4\"><\/td><td class=\"column-5\">69904<\/td>\n<\/tr>\n<tr class=\"row-36\">\n\t<td class=\"column-1\">Sala de Reuniones<\/td><td class=\"column-2\"><\/td><td class=\"column-3\"><\/td><td class=\"column-4\"><\/td><td class=\"column-5\">84454<\/td>\n<\/tr>\n<\/tbody>\n<\/table>\n<!-- #tablepress-1 from cache --><\/div>\n\t\t\t\t\t\t<\/div>\n\t\t\t\t<\/div>\n\t\t\t\t<\/div>\n\t\t<div class=\"elementor-element elementor-element-7dd1180 e-con-full e-flex e-con e-child\" data-id=\"7dd1180\" data-element_type=\"container\" data-e-type=\"container\">\n\t\t\t\t<div class=\"elementor-element elementor-element-34ad492 eael-simple-menu-hamburger-align-left e-transform eael-hamburger--tablet elementor-widget elementor-widget-eael-simple-menu\" data-id=\"34ad492\" data-element_type=\"widget\" data-e-type=\"widget\" data-settings=\"{&quot;_transform_scale_effect_hover&quot;:{&quot;unit&quot;:&quot;px&quot;,&quot;size&quot;:&quot;&quot;,&quot;sizes&quot;:[]},&quot;_transform_scale_effect_hover_tablet&quot;:{&quot;unit&quot;:&quot;px&quot;,&quot;size&quot;:&quot;&quot;,&quot;sizes&quot;:[]},&quot;_transform_scale_effect_hover_mobile&quot;:{&quot;unit&quot;:&quot;px&quot;,&quot;size&quot;:&quot;&quot;,&quot;sizes&quot;:[]}}\" data-widget_type=\"eael-simple-menu.default\">\n\t\t\t\t<div class=\"elementor-widget-container\">\n\t\t\t\t\t<style>\n                        @media screen and (max-width: 1024px) {\n                            .eael-hamburger--tablet {\n                                .eael-simple-menu-horizontal,\n                                .eael-simple-menu-vertical {\n                                    display: none;\n                                }\n                            }\n                            .eael-hamburger--tablet {\n                                .eael-simple-menu-container .eael-simple-menu-toggle {\n                                    display: block;\n                                }\n                            }\n                        }\n                    <\/style>            <div data-hamburger-icon=\"&lt;svg aria-hidden=&quot;true&quot; class=&quot;e-font-icon-svg e-fas-bars&quot; viewBox=&quot;0 0 448 512&quot; xmlns=&quot;http:\/\/www.w3.org\/2000\/svg&quot;&gt;&lt;path d=&quot;M16 132h416c8.837 0 16-7.163 16-16V76c0-8.837-7.163-16-16-16H16C7.163 60 0 67.163 0 76v40c0 8.837 7.163 16 16 16zm0 160h416c8.837 0 16-7.163 16-16v-40c0-8.837-7.163-16-16-16H16c-8.837 0-16 7.163-16 16v40c0 8.837 7.163 16 16 16zm0 160h416c8.837 0 16-7.163 16-16v-40c0-8.837-7.163-16-16-16H16c-8.837 0-16 7.163-16 16v40c0 8.837 7.163 16 16 16z&quot;&gt;&lt;\/path&gt;&lt;\/svg&gt;\" data-indicator-icon=\"&lt;svg aria-hidden=&quot;true&quot; class=&quot;e-font-icon-svg e-fas-angle-down&quot; viewBox=&quot;0 0 320 512&quot; xmlns=&quot;http:\/\/www.w3.org\/2000\/svg&quot;&gt;&lt;path d=&quot;M143 352.3L7 216.3c-9.4-9.4-9.4-24.6 0-33.9l22.6-22.6c9.4-9.4 24.6-9.4 33.9 0l96.4 96.4 96.4-96.4c9.4-9.4 24.6-9.4 33.9 0l22.6 22.6c9.4 9.4 9.4 24.6 0 33.9l-136 136c-9.2 9.4-24.4 9.4-33.8 0z&quot;&gt;&lt;\/path&gt;&lt;\/svg&gt;\" data-dropdown-indicator-icon=\"&lt;svg class=&quot;e-font-icon-svg e-fas-angle-down&quot; viewBox=&quot;0 0 320 512&quot; xmlns=&quot;http:\/\/www.w3.org\/2000\/svg&quot;&gt;&lt;path d=&quot;M143 352.3L7 216.3c-9.4-9.4-9.4-24.6 0-33.9l22.6-22.6c9.4-9.4 24.6-9.4 33.9 0l96.4 96.4 96.4-96.4c9.4-9.4 24.6-9.4 33.9 0l22.6 22.6c9.4 9.4 9.4 24.6 0 33.9l-136 136c-9.2 9.4-24.4 9.4-33.8 0z&quot;&gt;&lt;\/path&gt;&lt;\/svg&gt;\" class=\"eael-simple-menu-container eael-simple-menu-align-left eael-simple-menu-dropdown-align-left preset-1\" data-hamburger-breakpoints=\"{&quot;mobile&quot;:&quot;M\\u00f3vil vertical (&gt; 767px)&quot;,&quot;tablet&quot;:&quot;Tableta vertical (&gt; 1024px)&quot;,&quot;desktop&quot;:&quot;Desktop (&gt; 2400px)&quot;,&quot;none&quot;:&quot;None&quot;}\" data-hamburger-device=\"tablet\">\n                <ul id=\"menu-main\" class=\"eael-simple-menu eael-simple-menu-dropdown-animate-to-top eael-simple-menu-indicator eael-simple-menu-vertical\"><li id=\"menu-item-1082\" class=\"menu-item menu-item-type-post_type menu-item-object-page menu-item-home menu-item-1082\"><a href=\"https:\/\/decadmdev.uprrp.edu\/recursoshumanos\/\">Inicio<\/a><\/li>\n<li id=\"menu-item-2221\" class=\"menu-item menu-item-type-post_type menu-item-object-page menu-item-2221\"><a href=\"https:\/\/decadmdev.uprrp.edu\/recursoshumanos\/estructura-de-la-oficina\/\">Estructura de la Oficina<\/a><\/li>\n<li id=\"menu-item-2636\" class=\"menu-item menu-item-type-post_type menu-item-object-page menu-item-2636\"><a href=\"https:\/\/decadmdev.uprrp.edu\/recursoshumanos\/empleos\/\">Avisos y Convocatorias<\/a><\/li>\n<li id=\"menu-item-1925\" class=\"menu-item menu-item-type-post_type menu-item-object-page menu-item-1925\"><a href=\"https:\/\/decadmdev.uprrp.edu\/recursoshumanos\/politicas-institucionales\/\">Pol\u00edticas Institucionales<\/a><\/li>\n<li id=\"menu-item-1389\" class=\"menu-item menu-item-type-post_type menu-item-object-page menu-item-1389\"><a href=\"https:\/\/decadmdev.uprrp.edu\/recursoshumanos\/formularios\/\">Formularios<\/a><\/li>\n<li id=\"menu-item-2572\" class=\"menu-item menu-item-type-post_type menu-item-object-page menu-item-2572\"><a href=\"https:\/\/decadmdev.uprrp.edu\/recursoshumanos\/boletines\/\">Boletines<\/a><\/li>\n<li id=\"menu-item-2191\" class=\"menu-item menu-item-type-post_type menu-item-object-page menu-item-2191\"><a href=\"https:\/\/decadmdev.uprrp.edu\/recursoshumanos\/directorio\/\">Directorio<\/a><\/li>\n<\/ul>                <button class=\"eael-simple-menu-toggle\">\n                    <span class=\"sr-only \">Hamburger Toggle Menu<\/span>\n                    <svg aria-hidden=\"true\" class=\"e-font-icon-svg e-fas-bars\" viewBox=\"0 0 448 512\" xmlns=\"http:\/\/www.w3.org\/2000\/svg\"><path d=\"M16 132h416c8.837 0 16-7.163 16-16V76c0-8.837-7.163-16-16-16H16C7.163 60 0 67.163 0 76v40c0 8.837 7.163 16 16 16zm0 160h416c8.837 0 16-7.163 16-16v-40c0-8.837-7.163-16-16-16H16c-8.837 0-16 7.163-16 16v40c0 8.837 7.163 16 16 16zm0 160h416c8.837 0 16-7.163 16-16v-40c0-8.837-7.163-16-16-16H16c-8.837 0-16 7.163-16 16v40c0 8.837 7.163 16 16 16z\"><\/path><\/svg>                <\/button>\n            <\/div>\n            \t\t\t\t<\/div>\n\t\t\t\t<\/div>\n\t\t\t\t<\/div>\n\t\t\t\t<\/div>\n\t\t\t\t<\/div>\n\t\t","protected":false},"excerpt":{"rendered":"<p>DIRECTORIO Directorio de la Oficina de Recursos Humanos Inicio Estructura de la Oficina Avisos y Convocatorias Pol\u00edticas Institucionales Formularios Boletines Directorio Humberger Toggle Menu<\/p>\n","protected":false},"author":3,"featured_media":0,"parent":0,"menu_order":0,"comment_status":"closed","ping_status":"open","template":"page-templates\/pagebuilder.php","meta":{"_themeisle_gutenberg_block_has_review":false,"footnotes":""},"class_list":["post-2180","page","type-page","status-publish","hentry"],"rttpg_featured_image_url":null,"rttpg_author":{"display_name":"juan","author_link":"https:\/\/decadmdev.uprrp.edu\/recursoshumanos\/author\/juan\/"},"rttpg_comment":0,"rttpg_category":null,"rttpg_excerpt":"DIRECTORIO Directorio de la Oficina de Recursos Humanos Inicio Estructura de la Oficina Avisos y Convocatorias Pol\u00edticas Institucionales Formularios Boletines Directorio Humberger Toggle Menu","_links":{"self":[{"href":"https:\/\/decadmdev.uprrp.edu\/recursoshumanos\/wp-json\/wp\/v2\/pages\/2180","targetHints":{"allow":["GET"]}}],"collection":[{"href":"https:\/\/decadmdev.uprrp.edu\/recursoshumanos\/wp-json\/wp\/v2\/pages"}],"about":[{"href":"https:\/\/decadmdev.uprrp.edu\/recursoshumanos\/wp-json\/wp\/v2\/types\/page"}],"author":[{"embeddable":true,"href":"https:\/\/decadmdev.uprrp.edu\/recursoshumanos\/wp-json\/wp\/v2\/users\/3"}],"replies":[{"embeddable":true,"href":"https:\/\/decadmdev.uprrp.edu\/recursoshumanos\/wp-json\/wp\/v2\/comments?post=2180"}],"version-history":[{"count":22,"href":"https:\/\/decadmdev.uprrp.edu\/recursoshumanos\/wp-json\/wp\/v2\/pages\/2180\/revisions"}],"predecessor-version":[{"id":2669,"href":"https:\/\/decadmdev.uprrp.edu\/recursoshumanos\/wp-json\/wp\/v2\/pages\/2180\/revisions\/2669"}],"wp:attachment":[{"href":"https:\/\/decadmdev.uprrp.edu\/recursoshumanos\/wp-json\/wp\/v2\/media?parent=2180"}],"curies":[{"name":"wp","href":"https:\/\/api.w.org\/{rel}","templated":true}]}}