{"id":2,"date":"2024-02-28T11:09:39","date_gmt":"2024-02-28T15:09:39","guid":{"rendered":"https:\/\/decadmdev.uprrp.edu\/pae\/?page_id=2"},"modified":"2024-03-13T14:09:27","modified_gmt":"2024-03-13T18:09:27","slug":"pagina-ejemplo","status":"publish","type":"page","link":"https:\/\/decadmdev.uprrp.edu\/pae\/","title":{"rendered":"Inicio"},"content":{"rendered":"\t\t<div data-elementor-type=\"wp-page\" data-elementor-id=\"2\" class=\"elementor elementor-2\">\n\t\t\t\t\t\t<section class=\"elementor-section elementor-top-section elementor-element elementor-element-d1fc077 elementor-section-stretched elementor-section-boxed elementor-section-height-default elementor-section-height-default\" data-id=\"d1fc077\" data-element_type=\"section\" data-e-type=\"section\" data-settings=\"{&quot;background_background&quot;:&quot;classic&quot;,&quot;stretch_section&quot;:&quot;section-stretched&quot;}\">\n\t\t\t\t\t\t<div class=\"elementor-container elementor-column-gap-default\">\n\t\t\t\t\t<div class=\"elementor-column elementor-col-100 elementor-top-column elementor-element elementor-element-a80cb84\" data-id=\"a80cb84\" data-element_type=\"column\" data-e-type=\"column\">\n\t\t\t<div class=\"elementor-widget-wrap elementor-element-populated\">\n\t\t\t\t\t\t<div class=\"elementor-element elementor-element-a3e431b elementor-widget__width-initial elementor-invisible elementor-widget elementor-widget-heading\" data-id=\"a3e431b\" data-element_type=\"widget\" data-e-type=\"widget\" data-settings=\"{&quot;_animation&quot;:&quot;zoomIn&quot;}\" data-widget_type=\"heading.default\">\n\t\t\t\t<div class=\"elementor-widget-container\">\n\t\t\t\t\t<h1 class=\"elementor-heading-title elementor-size-default\">PROGRAMA DE APOYO<\/h1>\t\t\t\t<\/div>\n\t\t\t\t<\/div>\n\t\t\t\t<div class=\"elementor-element elementor-element-f1db89f elementor-widget__width-initial elementor-invisible elementor-widget elementor-widget-heading\" data-id=\"f1db89f\" data-element_type=\"widget\" data-e-type=\"widget\" data-settings=\"{&quot;_animation&quot;:&quot;zoomIn&quot;}\" data-widget_type=\"heading.default\">\n\t\t\t\t<div class=\"elementor-widget-container\">\n\t\t\t\t\t<h1 class=\"elementor-heading-title elementor-size-default\">AL EMPLEAD@ Y SU<\/h1>\t\t\t\t<\/div>\n\t\t\t\t<\/div>\n\t\t\t\t<div class=\"elementor-element elementor-element-6f5a177 elementor-widget__width-initial elementor-invisible elementor-widget elementor-widget-heading\" data-id=\"6f5a177\" data-element_type=\"widget\" data-e-type=\"widget\" data-settings=\"{&quot;_animation&quot;:&quot;zoomIn&quot;}\" data-widget_type=\"heading.default\">\n\t\t\t\t<div class=\"elementor-widget-container\">\n\t\t\t\t\t<h1 class=\"elementor-heading-title elementor-size-default\">FAMILIA INMEDIATA (PAE)<\/h1>\t\t\t\t<\/div>\n\t\t\t\t<\/div>\n\t\t\t\t<div class=\"elementor-element elementor-element-c54acf2 animated-slow elementor-invisible elementor-widget elementor-widget-heading\" data-id=\"c54acf2\" data-element_type=\"widget\" data-e-type=\"widget\" data-settings=\"{&quot;_animation&quot;:&quot;zoomIn&quot;}\" data-widget_type=\"heading.default\">\n\t\t\t\t<div class=\"elementor-widget-container\">\n\t\t\t\t\t<h5 class=\"elementor-heading-title elementor-size-default\">RECINTO DE R\u00cdO PIEDRAS<\/h5>\t\t\t\t<\/div>\n\t\t\t\t<\/div>\n\t\t\t\t\t<\/div>\n\t\t<\/div>\n\t\t\t\t\t<\/div>\n\t\t<\/section>\n\t\t<div class=\"elementor-element elementor-element-3405555 e-flex e-con-boxed e-con e-parent\" data-id=\"3405555\" data-element_type=\"container\" data-e-type=\"container\">\n\t\t\t\t\t<div class=\"e-con-inner\">\n\t\t\t\t<div class=\"elementor-element elementor-element-96f4926 elementor-widget elementor-widget-text-editor\" data-id=\"96f4926\" data-element_type=\"widget\" data-e-type=\"widget\" data-widget_type=\"text-editor.default\">\n\t\t\t\t<div class=\"elementor-widget-container\">\n\t\t\t\t\t\t\t\t\t<h2>\u00bfQu\u00e9 es el PAE?<\/h2>\n<p>El\u00a0<span class=\"mark6j6shjefb\" data-markjs=\"true\" data-ogac=\"\" data-ogab=\"\" data-ogsc=\"\" data-ogsb=\"\">PAE<\/span>\u00a0est\u00e1 dise\u00f1ado para asistir a l@s emplead@s y a sus familiares a identificar y manejar aquellas situaciones del diario vivir que pueden afectar su salud f\u00edsica, emocional, desempe\u00f1o laboral y superaci\u00f3n personal. En\u00a0<span class=\"mark6j6shjefb\" data-markjs=\"true\" data-ogac=\"\" data-ogab=\"\" data-ogsc=\"\" data-ogsb=\"\">PAE<\/span>\u00a0contamos con un equipo interdisciplinarios compuesto por profesionales licenciados y cualificados en salud mental. Servicios de ayuda profesional libres de costo, confidenciales y voluntarios<\/p>\t\t\t\t\t\t\t\t<\/div>\n\t\t\t\t<\/div>\n\t\t\t\t\t<\/div>\n\t\t\t\t<\/div>\n\t\t<div class=\"elementor-element elementor-element-1d7fa49 e-flex e-con-boxed e-con e-parent\" data-id=\"1d7fa49\" data-element_type=\"container\" data-e-type=\"container\">\n\t\t\t\t\t<div class=\"e-con-inner\">\n\t\t\t\t<div class=\"elementor-element elementor-element-1ff2653 elementor-widget elementor-widget-heading\" data-id=\"1ff2653\" data-element_type=\"widget\" data-e-type=\"widget\" data-widget_type=\"heading.default\">\n\t\t\t\t<div class=\"elementor-widget-container\">\n\t\t\t\t\t<h2 class=\"elementor-heading-title elementor-size-default\">Boletines Informativos<\/h2>\t\t\t\t<\/div>\n\t\t\t\t<\/div>\n\t\t\t\t<div class=\"elementor-element elementor-element-d8daefa elementor-arrows-position-inside elementor-pagination-position-outside elementor-widget elementor-widget-image-carousel\" data-id=\"d8daefa\" data-element_type=\"widget\" data-e-type=\"widget\" data-settings=\"{&quot;slides_to_show&quot;:&quot;1&quot;,&quot;navigation&quot;:&quot;both&quot;,&quot;autoplay&quot;:&quot;yes&quot;,&quot;pause_on_hover&quot;:&quot;yes&quot;,&quot;pause_on_interaction&quot;:&quot;yes&quot;,&quot;autoplay_speed&quot;:5000,&quot;infinite&quot;:&quot;yes&quot;,&quot;effect&quot;:&quot;slide&quot;,&quot;speed&quot;:500}\" data-widget_type=\"image-carousel.default\">\n\t\t\t\t<div class=\"elementor-widget-container\">\n\t\t\t\t\t\t\t<div class=\"elementor-image-carousel-wrapper swiper\" role=\"region\" aria-roledescription=\"carousel\" aria-label=\"Carrusel de im\u00e1genes\" dir=\"ltr\">\n\t\t\t<div class=\"elementor-image-carousel swiper-wrapper\" aria-live=\"off\">\n\t\t\t\t\t\t\t\t<div class=\"swiper-slide\" role=\"group\" aria-roledescription=\"slide\" aria-label=\"1 de 2\"><a data-elementor-open-lightbox=\"yes\" data-elementor-lightbox-slideshow=\"d8daefa\" data-elementor-lightbox-title=\"Brochure PAE UPR-RP_Page_1\" data-elementor-lightbox-description=\"Op\u00fasculo Programa de Apoyo al Empleado - P\u00e1gina 1\" data-e-action-hash=\"#elementor-action%3Aaction%3Dlightbox%26settings%3DeyJpZCI6MTA3LCJ1cmwiOiJodHRwczpcL1wvZGVjYWRtZGV2LnVwcnJwLmVkdVwvcGFlXC93cC1jb250ZW50XC91cGxvYWRzXC9zaXRlc1wvNFwvMjAyNFwvMDNcL0Jyb2NodXJlLVBBRS1VUFItUlBfUGFnZV8xLXNjYWxlZC5qcGciLCJzbGlkZXNob3ciOiJkOGRhZWZhIn0%3D\" href=\"https:\/\/decadmdev.uprrp.edu\/pae\/wp-content\/uploads\/sites\/4\/2024\/03\/Brochure-PAE-UPR-RP_Page_1-scaled.jpg\"><figure class=\"swiper-slide-inner\"><img decoding=\"async\" class=\"swiper-slide-image\" src=\"https:\/\/decadmdev.uprrp.edu\/pae\/wp-content\/uploads\/sites\/4\/2024\/03\/Brochure-PAE-UPR-RP_Page_1-768x497.jpg\" alt=\"Op\u00fasculo Programa de Apoyo al Empleado - P\u00e1gina 1\" \/><\/figure><\/a><\/div><div class=\"swiper-slide\" role=\"group\" aria-roledescription=\"slide\" aria-label=\"2 de 2\"><a data-elementor-open-lightbox=\"yes\" data-elementor-lightbox-slideshow=\"d8daefa\" data-elementor-lightbox-title=\"Brochure PAE UPR-RP_Page_2\" data-elementor-lightbox-description=\"Op\u00fasculo Programa de Apoyo al Empleado - P\u00e1gina 2\" data-e-action-hash=\"#elementor-action%3Aaction%3Dlightbox%26settings%3DeyJpZCI6MTA0LCJ1cmwiOiJodHRwczpcL1wvZGVjYWRtZGV2LnVwcnJwLmVkdVwvcGFlXC93cC1jb250ZW50XC91cGxvYWRzXC9zaXRlc1wvNFwvMjAyNFwvMDNcL0Jyb2NodXJlLVBBRS1VUFItUlBfUGFnZV8yLXNjYWxlZC5qcGciLCJzbGlkZXNob3ciOiJkOGRhZWZhIn0%3D\" href=\"https:\/\/decadmdev.uprrp.edu\/pae\/wp-content\/uploads\/sites\/4\/2024\/03\/Brochure-PAE-UPR-RP_Page_2-scaled.jpg\"><figure class=\"swiper-slide-inner\"><img decoding=\"async\" class=\"swiper-slide-image\" src=\"https:\/\/decadmdev.uprrp.edu\/pae\/wp-content\/uploads\/sites\/4\/2024\/03\/Brochure-PAE-UPR-RP_Page_2-768x497.jpg\" alt=\"Op\u00fasculo Programa de Apoyo al Empleado - P\u00e1gina 2\" \/><\/figure><\/a><\/div>\t\t\t<\/div>\n\t\t\t\t\t\t\t\t\t\t\t\t<div class=\"elementor-swiper-button elementor-swiper-button-prev\" role=\"button\" tabindex=\"0\">\n\t\t\t\t\t\t<svg aria-hidden=\"true\" class=\"e-font-icon-svg e-eicon-chevron-left\" viewBox=\"0 0 1000 1000\" xmlns=\"http:\/\/www.w3.org\/2000\/svg\"><path d=\"M646 125C629 125 613 133 604 142L308 442C296 454 292 471 292 487 292 504 296 521 308 533L604 854C617 867 629 875 646 875 663 875 679 871 692 858 704 846 713 829 713 812 713 796 708 779 692 767L438 487 692 225C700 217 708 204 708 187 708 171 704 154 692 142 675 129 663 125 646 125Z\"><\/path><\/svg>\t\t\t\t\t<\/div>\n\t\t\t\t\t<div class=\"elementor-swiper-button elementor-swiper-button-next\" role=\"button\" tabindex=\"0\">\n\t\t\t\t\t\t<svg aria-hidden=\"true\" class=\"e-font-icon-svg e-eicon-chevron-right\" viewBox=\"0 0 1000 1000\" xmlns=\"http:\/\/www.w3.org\/2000\/svg\"><path d=\"M696 533C708 521 713 504 713 487 713 471 708 454 696 446L400 146C388 133 375 125 354 125 338 125 325 129 313 142 300 154 292 171 292 187 292 204 296 221 308 233L563 492 304 771C292 783 288 800 288 817 288 833 296 850 308 863 321 871 338 875 354 875 371 875 388 867 400 854L696 533Z\"><\/path><\/svg>\t\t\t\t\t<\/div>\n\t\t\t\t\n\t\t\t\t\t\t\t\t\t<div class=\"swiper-pagination\"><\/div>\n\t\t\t\t\t\t\t\t\t<\/div>\n\t\t\t\t\t\t<\/div>\n\t\t\t\t<\/div>\n\t\t\t\t\t<\/div>\n\t\t\t\t<\/div>\n\t\t\t\t<section class=\"elementor-section elementor-top-section elementor-element elementor-element-7bbb032 elementor-section-stretched elementor-section-boxed elementor-section-height-default elementor-section-height-default\" data-id=\"7bbb032\" data-element_type=\"section\" data-e-type=\"section\" data-settings=\"{&quot;stretch_section&quot;:&quot;section-stretched&quot;}\">\n\t\t\t\t\t\t\t<div class=\"elementor-background-overlay\"><\/div>\n\t\t\t\t\t\t\t<div class=\"elementor-container elementor-column-gap-default\">\n\t\t\t\t\t<div class=\"elementor-column elementor-col-100 elementor-top-column elementor-element elementor-element-0807d07\" data-id=\"0807d07\" data-element_type=\"column\" data-e-type=\"column\">\n\t\t\t<div class=\"elementor-widget-wrap elementor-element-populated\">\n\t\t\t\t\t\t<div class=\"elementor-element elementor-element-7122693 elementor-widget elementor-widget-spacer\" data-id=\"7122693\" data-element_type=\"widget\" data-e-type=\"widget\" data-widget_type=\"spacer.default\">\n\t\t\t\t<div class=\"elementor-widget-container\">\n\t\t\t\t\t\t\t<div class=\"elementor-spacer\">\n\t\t\t<div class=\"elementor-spacer-inner\"><\/div>\n\t\t<\/div>\n\t\t\t\t\t\t<\/div>\n\t\t\t\t<\/div>\n\t\t\t\t<div class=\"elementor-element elementor-element-ffb3efd elementor-widget elementor-widget-heading\" data-id=\"ffb3efd\" data-element_type=\"widget\" data-e-type=\"widget\" data-widget_type=\"heading.default\">\n\t\t\t\t<div class=\"elementor-widget-container\">\n\t\t\t\t\t<h2 class=\"elementor-heading-title elementor-size-default\">Confidencialidad del PAE<\/h2>\t\t\t\t<\/div>\n\t\t\t\t<\/div>\n\t\t\t\t<div class=\"elementor-element elementor-element-7c1208b elementor-widget elementor-widget-text-editor\" data-id=\"7c1208b\" data-element_type=\"widget\" data-e-type=\"widget\" data-widget_type=\"text-editor.default\">\n\t\t\t\t<div class=\"elementor-widget-container\">\n\t\t\t\t\t\t\t\t\t<p>Los profesionales del\u00a0<span class=\"marks2l82na4p\" data-markjs=\"true\" data-ogac=\"\" data-ogab=\"\" data-ogsc=\"\" data-ogsb=\"\">PAE<\/span>\u00a0mantendr\u00e1n las m\u00e1s estrictas normas de confidencialidad en la ayuda que se brinde al empleado. Ninguna informaci\u00f3n podr\u00e1 ser divulgada con excepci\u00f3n de aquella que indica la Ley como en casos suicidas, homicidas o peligrosidad.<\/p>\t\t\t\t\t\t\t\t<\/div>\n\t\t\t\t<\/div>\n\t\t\t\t\t<\/div>\n\t\t<\/div>\n\t\t\t\t\t<\/div>\n\t\t<\/section>\n\t\t\t\t<\/div>\n\t\t","protected":false},"excerpt":{"rendered":"<p>PROGRAMA DE APOYO AL EMPLEAD@ Y SU FAMILIA INMEDIATA (PAE) RECINTO DE R\u00cdO PIEDRAS \u00bfQu\u00e9 es el PAE? El\u00a0PAE\u00a0est\u00e1 dise\u00f1ado para asistir a l@s emplead@s y a sus familiares a [&hellip;]<\/p>\n","protected":false},"author":3,"featured_media":0,"parent":0,"menu_order":0,"comment_status":"closed","ping_status":"open","template":"elementor_header_footer","meta":{"_themeisle_gutenberg_block_has_review":false,"footnotes":""},"class_list":["post-2","page","type-page","status-publish","hentry"],"rttpg_featured_image_url":null,"rttpg_author":{"display_name":"juan","author_link":"https:\/\/decadmdev.uprrp.edu\/pae\/author\/juan\/"},"rttpg_comment":0,"rttpg_category":null,"rttpg_excerpt":"PROGRAMA DE APOYO AL EMPLEAD@ Y SU FAMILIA INMEDIATA (PAE) RECINTO DE R\u00cdO PIEDRAS \u00bfQu\u00e9 es el PAE? El\u00a0PAE\u00a0est\u00e1 dise\u00f1ado para asistir a l@s emplead@s y a sus familiares a [&hellip;]","_links":{"self":[{"href":"https:\/\/decadmdev.uprrp.edu\/pae\/wp-json\/wp\/v2\/pages\/2","targetHints":{"allow":["GET"]}}],"collection":[{"href":"https:\/\/decadmdev.uprrp.edu\/pae\/wp-json\/wp\/v2\/pages"}],"about":[{"href":"https:\/\/decadmdev.uprrp.edu\/pae\/wp-json\/wp\/v2\/types\/page"}],"author":[{"embeddable":true,"href":"https:\/\/decadmdev.uprrp.edu\/pae\/wp-json\/wp\/v2\/users\/3"}],"replies":[{"embeddable":true,"href":"https:\/\/decadmdev.uprrp.edu\/pae\/wp-json\/wp\/v2\/comments?post=2"}],"version-history":[{"count":136,"href":"https:\/\/decadmdev.uprrp.edu\/pae\/wp-json\/wp\/v2\/pages\/2\/revisions"}],"predecessor-version":[{"id":363,"href":"https:\/\/decadmdev.uprrp.edu\/pae\/wp-json\/wp\/v2\/pages\/2\/revisions\/363"}],"wp:attachment":[{"href":"https:\/\/decadmdev.uprrp.edu\/pae\/wp-json\/wp\/v2\/media?parent=2"}],"curies":[{"name":"wp","href":"https:\/\/api.w.org\/{rel}","templated":true}]}}